{"id":111,"date":"2024-06-25T00:41:32","date_gmt":"2024-06-24T22:41:32","guid":{"rendered":"https:\/\/conserverie-st-christophe.com\/visite\/?page_id=111"},"modified":"2024-07-22T12:35:18","modified_gmt":"2024-07-22T10:35:18","slug":"parcours-pedagogiques-a-la-conserverie-saint-christophe","status":"publish","type":"page","link":"https:\/\/conserverie-st-christophe.com\/visite\/parcours-pedagogiques-a-la-conserverie-saint-christophe\/","title":{"rendered":"Parcours p\u00e9dagogiques"},"content":{"rendered":"","protected":false},"excerpt":{"rendered":"","protected":false},"author":1,"featured_media":0,"parent":0,"menu_order":0,"comment_status":"closed","ping_status":"closed","template":"pages\/parcours.php","meta":{"_acf_changed":false,"footnotes":""},"acf":[],"yoast_head":"<!-- This site is optimized with the Yoast SEO plugin v19.5 - https:\/\/yoast.com\/wordpress\/plugins\/seo\/ -->\n<title>Parcours P\u00e9dagogiques \u00e0 la Conserverie Saint Christophe - Visite de la Conserverie St Christophe<\/title>\n<meta name=\"description\" content=\"Explorez les parcours p\u00e9dagogiques de La Conserverie Saint Christophe : faune et flore, espace pique-nique. Une exp\u00e9rience \u00e9ducative pour petits et grands.\" \/>\n<meta name=\"robots\" content=\"index, follow, max-snippet:-1, max-image-preview:large, max-video-preview:-1\" \/>\n<link rel=\"canonical\" href=\"https:\/\/conserverie-st-christophe.com\/visite\/parcours-pedagogiques-a-la-conserverie-saint-christophe\/\" \/>\n<meta property=\"og:locale\" content=\"fr_FR\" \/>\n<meta property=\"og:type\" content=\"article\" \/>\n<meta property=\"og:title\" content=\"Parcours P\u00e9dagogiques \u00e0 la Conserverie Saint Christophe - Visite de la Conserverie St Christophe\" \/>\n<meta property=\"og:description\" content=\"Explorez les parcours p\u00e9dagogiques de La Conserverie Saint Christophe : faune et flore, espace pique-nique. Une exp\u00e9rience \u00e9ducative pour petits et grands.\" \/>\n<meta property=\"og:url\" content=\"https:\/\/conserverie-st-christophe.com\/visite\/parcours-pedagogiques-a-la-conserverie-saint-christophe\/\" \/>\n<meta property=\"og:site_name\" content=\"Visite de la Conserverie St Christophe\" \/>\n<meta property=\"article:modified_time\" content=\"2024-07-22T10:35:18+00:00\" \/>\n<meta name=\"twitter:card\" content=\"summary_large_image\" \/>\n<script type=\"application\/ld+json\" class=\"yoast-schema-graph\">{\"@context\":\"https:\/\/schema.org\",\"@graph\":[{\"@type\":\"WebPage\",\"@id\":\"https:\/\/conserverie-st-christophe.com\/visite\/parcours-pedagogiques-a-la-conserverie-saint-christophe\/\",\"url\":\"https:\/\/conserverie-st-christophe.com\/visite\/parcours-pedagogiques-a-la-conserverie-saint-christophe\/\",\"name\":\"Parcours P\u00e9dagogiques \u00e0 la Conserverie Saint Christophe - Visite de la Conserverie St Christophe\",\"isPartOf\":{\"@id\":\"https:\/\/conserverie-st-christophe.com\/visite\/#website\"},\"datePublished\":\"2024-06-24T22:41:32+00:00\",\"dateModified\":\"2024-07-22T10:35:18+00:00\",\"description\":\"Explorez les parcours p\u00e9dagogiques de La Conserverie Saint Christophe : faune et flore, espace pique-nique. Une exp\u00e9rience \u00e9ducative pour petits et grands.\",\"breadcrumb\":{\"@id\":\"https:\/\/conserverie-st-christophe.com\/visite\/parcours-pedagogiques-a-la-conserverie-saint-christophe\/#breadcrumb\"},\"inLanguage\":\"fr-FR\",\"potentialAction\":[{\"@type\":\"ReadAction\",\"target\":[\"https:\/\/conserverie-st-christophe.com\/visite\/parcours-pedagogiques-a-la-conserverie-saint-christophe\/\"]}]},{\"@type\":\"BreadcrumbList\",\"@id\":\"https:\/\/conserverie-st-christophe.com\/visite\/parcours-pedagogiques-a-la-conserverie-saint-christophe\/#breadcrumb\",\"itemListElement\":[{\"@type\":\"ListItem\",\"position\":1,\"name\":\"Accueil\",\"item\":\"https:\/\/conserverie-st-christophe.com\/visite\/\"},{\"@type\":\"ListItem\",\"position\":2,\"name\":\"Parcours p\u00e9dagogiques\"}]},{\"@type\":\"WebSite\",\"@id\":\"https:\/\/conserverie-st-christophe.com\/visite\/#website\",\"url\":\"https:\/\/conserverie-st-christophe.com\/visite\/\",\"name\":\"Visite de la Conserverie St Christophe\",\"description\":\"\",\"potentialAction\":[{\"@type\":\"SearchAction\",\"target\":{\"@type\":\"EntryPoint\",\"urlTemplate\":\"https:\/\/conserverie-st-christophe.com\/visite\/?s={search_term_string}\"},\"query-input\":\"required name=search_term_string\"}],\"inLanguage\":\"fr-FR\"}]}<\/script>\n<!-- \/ Yoast SEO plugin. -->","yoast_head_json":{"title":"Parcours P\u00e9dagogiques \u00e0 la Conserverie Saint Christophe - Visite de la Conserverie St Christophe","description":"Explorez les parcours p\u00e9dagogiques de La Conserverie Saint Christophe : faune et flore, espace pique-nique. Une exp\u00e9rience \u00e9ducative pour petits et grands.","robots":{"index":"index","follow":"follow","max-snippet":"max-snippet:-1","max-image-preview":"max-image-preview:large","max-video-preview":"max-video-preview:-1"},"canonical":"https:\/\/conserverie-st-christophe.com\/visite\/parcours-pedagogiques-a-la-conserverie-saint-christophe\/","og_locale":"fr_FR","og_type":"article","og_title":"Parcours P\u00e9dagogiques \u00e0 la Conserverie Saint Christophe - Visite de la Conserverie St Christophe","og_description":"Explorez les parcours p\u00e9dagogiques de La Conserverie Saint Christophe : faune et flore, espace pique-nique. Une exp\u00e9rience \u00e9ducative pour petits et grands.","og_url":"https:\/\/conserverie-st-christophe.com\/visite\/parcours-pedagogiques-a-la-conserverie-saint-christophe\/","og_site_name":"Visite de la Conserverie St Christophe","article_modified_time":"2024-07-22T10:35:18+00:00","twitter_card":"summary_large_image","schema":{"@context":"https:\/\/schema.org","@graph":[{"@type":"WebPage","@id":"https:\/\/conserverie-st-christophe.com\/visite\/parcours-pedagogiques-a-la-conserverie-saint-christophe\/","url":"https:\/\/conserverie-st-christophe.com\/visite\/parcours-pedagogiques-a-la-conserverie-saint-christophe\/","name":"Parcours P\u00e9dagogiques \u00e0 la Conserverie Saint Christophe - Visite de la Conserverie St Christophe","isPartOf":{"@id":"https:\/\/conserverie-st-christophe.com\/visite\/#website"},"datePublished":"2024-06-24T22:41:32+00:00","dateModified":"2024-07-22T10:35:18+00:00","description":"Explorez les parcours p\u00e9dagogiques de La Conserverie Saint Christophe : faune et flore, espace pique-nique. Une exp\u00e9rience \u00e9ducative pour petits et grands.","breadcrumb":{"@id":"https:\/\/conserverie-st-christophe.com\/visite\/parcours-pedagogiques-a-la-conserverie-saint-christophe\/#breadcrumb"},"inLanguage":"fr-FR","potentialAction":[{"@type":"ReadAction","target":["https:\/\/conserverie-st-christophe.com\/visite\/parcours-pedagogiques-a-la-conserverie-saint-christophe\/"]}]},{"@type":"BreadcrumbList","@id":"https:\/\/conserverie-st-christophe.com\/visite\/parcours-pedagogiques-a-la-conserverie-saint-christophe\/#breadcrumb","itemListElement":[{"@type":"ListItem","position":1,"name":"Accueil","item":"https:\/\/conserverie-st-christophe.com\/visite\/"},{"@type":"ListItem","position":2,"name":"Parcours p\u00e9dagogiques"}]},{"@type":"WebSite","@id":"https:\/\/conserverie-st-christophe.com\/visite\/#website","url":"https:\/\/conserverie-st-christophe.com\/visite\/","name":"Visite de la Conserverie St Christophe","description":"","potentialAction":[{"@type":"SearchAction","target":{"@type":"EntryPoint","urlTemplate":"https:\/\/conserverie-st-christophe.com\/visite\/?s={search_term_string}"},"query-input":"required name=search_term_string"}],"inLanguage":"fr-FR"}]}},"_links":{"self":[{"href":"https:\/\/conserverie-st-christophe.com\/visite\/wp-json\/wp\/v2\/pages\/111"}],"collection":[{"href":"https:\/\/conserverie-st-christophe.com\/visite\/wp-json\/wp\/v2\/pages"}],"about":[{"href":"https:\/\/conserverie-st-christophe.com\/visite\/wp-json\/wp\/v2\/types\/page"}],"author":[{"embeddable":true,"href":"https:\/\/conserverie-st-christophe.com\/visite\/wp-json\/wp\/v2\/users\/1"}],"replies":[{"embeddable":true,"href":"https:\/\/conserverie-st-christophe.com\/visite\/wp-json\/wp\/v2\/comments?post=111"}],"version-history":[{"count":1,"href":"https:\/\/conserverie-st-christophe.com\/visite\/wp-json\/wp\/v2\/pages\/111\/revisions"}],"predecessor-version":[{"id":112,"href":"https:\/\/conserverie-st-christophe.com\/visite\/wp-json\/wp\/v2\/pages\/111\/revisions\/112"}],"wp:attachment":[{"href":"https:\/\/conserverie-st-christophe.com\/visite\/wp-json\/wp\/v2\/media?parent=111"}],"curies":[{"name":"wp","href":"https:\/\/api.w.org\/{rel}","templated":true}]}}