{"id":10,"date":"2024-04-25T10:18:12","date_gmt":"2024-04-25T08:18:12","guid":{"rendered":"https:\/\/conserverie-st-christophe.com\/visite\/?page_id=10"},"modified":"2024-06-30T01:00:18","modified_gmt":"2024-06-29T23:00:18","slug":"accueil","status":"publish","type":"page","link":"https:\/\/conserverie-st-christophe.com\/visite\/","title":{"rendered":"Accueil"},"content":{"rendered":"","protected":false},"excerpt":{"rendered":"","protected":false},"author":1,"featured_media":0,"parent":0,"menu_order":0,"comment_status":"closed","ping_status":"closed","template":"pages\/home.php","meta":{"_acf_changed":false,"footnotes":""},"acf":[],"yoast_head":"<!-- This site is optimized with the Yoast SEO plugin v19.5 - https:\/\/yoast.com\/wordpress\/plugins\/seo\/ -->\n<title>Conserverie Saint Christophe : Produits Artisanaux de la Baie de Somme - Visite de la Conserverie St Christophe<\/title>\n<meta name=\"description\" content=\"D\u00e9couvrez La Conserverie Saint Christophe : produits artisanaux, sp\u00e9cialit\u00e9s r\u00e9gionales et visites immersives pr\u00e8s de la Baie de Somme.\" \/>\n<meta name=\"robots\" content=\"index, follow, max-snippet:-1, max-image-preview:large, max-video-preview:-1\" \/>\n<link rel=\"canonical\" href=\"https:\/\/conserverie-st-christophe.com\/visite\/\" \/>\n<meta property=\"og:locale\" content=\"fr_FR\" \/>\n<meta property=\"og:type\" content=\"article\" \/>\n<meta property=\"og:title\" content=\"Conserverie Saint Christophe : Produits Artisanaux de la Baie de Somme - Visite de la Conserverie St Christophe\" \/>\n<meta property=\"og:description\" content=\"D\u00e9couvrez La Conserverie Saint Christophe : produits artisanaux, sp\u00e9cialit\u00e9s r\u00e9gionales et visites immersives pr\u00e8s de la Baie de Somme.\" \/>\n<meta property=\"og:url\" content=\"https:\/\/conserverie-st-christophe.com\/visite\/\" \/>\n<meta property=\"og:site_name\" content=\"Visite de la Conserverie St Christophe\" \/>\n<meta property=\"article:modified_time\" content=\"2024-06-29T23:00:18+00:00\" \/>\n<meta name=\"twitter:card\" content=\"summary_large_image\" \/>\n<script type=\"application\/ld+json\" class=\"yoast-schema-graph\">{\"@context\":\"https:\/\/schema.org\",\"@graph\":[{\"@type\":\"WebPage\",\"@id\":\"https:\/\/conserverie-st-christophe.com\/visite\/\",\"url\":\"https:\/\/conserverie-st-christophe.com\/visite\/\",\"name\":\"Conserverie Saint Christophe : Produits Artisanaux de la Baie de Somme - Visite de la Conserverie St Christophe\",\"isPartOf\":{\"@id\":\"https:\/\/conserverie-st-christophe.com\/visite\/#website\"},\"datePublished\":\"2024-04-25T08:18:12+00:00\",\"dateModified\":\"2024-06-29T23:00:18+00:00\",\"description\":\"D\u00e9couvrez La Conserverie Saint Christophe : produits artisanaux, sp\u00e9cialit\u00e9s r\u00e9gionales et visites immersives pr\u00e8s de la Baie de Somme.\",\"breadcrumb\":{\"@id\":\"https:\/\/conserverie-st-christophe.com\/visite\/#breadcrumb\"},\"inLanguage\":\"fr-FR\",\"potentialAction\":[{\"@type\":\"ReadAction\",\"target\":[\"https:\/\/conserverie-st-christophe.com\/visite\/\"]}]},{\"@type\":\"BreadcrumbList\",\"@id\":\"https:\/\/conserverie-st-christophe.com\/visite\/#breadcrumb\",\"itemListElement\":[{\"@type\":\"ListItem\",\"position\":1,\"name\":\"Accueil\",\"item\":\"https:\/\/conserverie-st-christophe.com\/visite\/\"},{\"@type\":\"ListItem\",\"position\":2,\"name\":\"Accueil\"}]},{\"@type\":\"WebSite\",\"@id\":\"https:\/\/conserverie-st-christophe.com\/visite\/#website\",\"url\":\"https:\/\/conserverie-st-christophe.com\/visite\/\",\"name\":\"Visite de la Conserverie St Christophe\",\"description\":\"\",\"potentialAction\":[{\"@type\":\"SearchAction\",\"target\":{\"@type\":\"EntryPoint\",\"urlTemplate\":\"https:\/\/conserverie-st-christophe.com\/visite\/?s={search_term_string}\"},\"query-input\":\"required name=search_term_string\"}],\"inLanguage\":\"fr-FR\"}]}<\/script>\n<!-- \/ Yoast SEO plugin. -->","yoast_head_json":{"title":"Conserverie Saint Christophe : Produits Artisanaux de la Baie de Somme - Visite de la Conserverie St Christophe","description":"D\u00e9couvrez La Conserverie Saint Christophe : produits artisanaux, sp\u00e9cialit\u00e9s r\u00e9gionales et visites immersives pr\u00e8s de la Baie de Somme.","robots":{"index":"index","follow":"follow","max-snippet":"max-snippet:-1","max-image-preview":"max-image-preview:large","max-video-preview":"max-video-preview:-1"},"canonical":"https:\/\/conserverie-st-christophe.com\/visite\/","og_locale":"fr_FR","og_type":"article","og_title":"Conserverie Saint Christophe : Produits Artisanaux de la Baie de Somme - Visite de la Conserverie St Christophe","og_description":"D\u00e9couvrez La Conserverie Saint Christophe : produits artisanaux, sp\u00e9cialit\u00e9s r\u00e9gionales et visites immersives pr\u00e8s de la Baie de Somme.","og_url":"https:\/\/conserverie-st-christophe.com\/visite\/","og_site_name":"Visite de la Conserverie St Christophe","article_modified_time":"2024-06-29T23:00:18+00:00","twitter_card":"summary_large_image","schema":{"@context":"https:\/\/schema.org","@graph":[{"@type":"WebPage","@id":"https:\/\/conserverie-st-christophe.com\/visite\/","url":"https:\/\/conserverie-st-christophe.com\/visite\/","name":"Conserverie Saint Christophe : Produits Artisanaux de la Baie de Somme - Visite de la Conserverie St Christophe","isPartOf":{"@id":"https:\/\/conserverie-st-christophe.com\/visite\/#website"},"datePublished":"2024-04-25T08:18:12+00:00","dateModified":"2024-06-29T23:00:18+00:00","description":"D\u00e9couvrez La Conserverie Saint Christophe : produits artisanaux, sp\u00e9cialit\u00e9s r\u00e9gionales et visites immersives pr\u00e8s de la Baie de Somme.","breadcrumb":{"@id":"https:\/\/conserverie-st-christophe.com\/visite\/#breadcrumb"},"inLanguage":"fr-FR","potentialAction":[{"@type":"ReadAction","target":["https:\/\/conserverie-st-christophe.com\/visite\/"]}]},{"@type":"BreadcrumbList","@id":"https:\/\/conserverie-st-christophe.com\/visite\/#breadcrumb","itemListElement":[{"@type":"ListItem","position":1,"name":"Accueil","item":"https:\/\/conserverie-st-christophe.com\/visite\/"},{"@type":"ListItem","position":2,"name":"Accueil"}]},{"@type":"WebSite","@id":"https:\/\/conserverie-st-christophe.com\/visite\/#website","url":"https:\/\/conserverie-st-christophe.com\/visite\/","name":"Visite de la Conserverie St Christophe","description":"","potentialAction":[{"@type":"SearchAction","target":{"@type":"EntryPoint","urlTemplate":"https:\/\/conserverie-st-christophe.com\/visite\/?s={search_term_string}"},"query-input":"required name=search_term_string"}],"inLanguage":"fr-FR"}]}},"_links":{"self":[{"href":"https:\/\/conserverie-st-christophe.com\/visite\/wp-json\/wp\/v2\/pages\/10"}],"collection":[{"href":"https:\/\/conserverie-st-christophe.com\/visite\/wp-json\/wp\/v2\/pages"}],"about":[{"href":"https:\/\/conserverie-st-christophe.com\/visite\/wp-json\/wp\/v2\/types\/page"}],"author":[{"embeddable":true,"href":"https:\/\/conserverie-st-christophe.com\/visite\/wp-json\/wp\/v2\/users\/1"}],"replies":[{"embeddable":true,"href":"https:\/\/conserverie-st-christophe.com\/visite\/wp-json\/wp\/v2\/comments?post=10"}],"version-history":[{"count":1,"href":"https:\/\/conserverie-st-christophe.com\/visite\/wp-json\/wp\/v2\/pages\/10\/revisions"}],"predecessor-version":[{"id":11,"href":"https:\/\/conserverie-st-christophe.com\/visite\/wp-json\/wp\/v2\/pages\/10\/revisions\/11"}],"wp:attachment":[{"href":"https:\/\/conserverie-st-christophe.com\/visite\/wp-json\/wp\/v2\/media?parent=10"}],"curies":[{"name":"wp","href":"https:\/\/api.w.org\/{rel}","templated":true}]}}